{"id":3,"date":"2022-02-16T12:34:04","date_gmt":"2022-02-16T11:34:04","guid":{"rendered":"https:\/\/elementor.043basis.nl\/?page_id=3"},"modified":"2023-03-13T09:03:49","modified_gmt":"2023-03-13T08:03:49","slug":"erklarung-zum-datenschutz","status":"publish","type":"page","link":"https:\/\/itkonvintshus.nl\/de\/privacy-verklaring\/","title":{"rendered":"Privacy Verklaring"},"content":{"rendered":"<div data-elementor-type=\"wp-page\" data-elementor-id=\"3\" class=\"elementor elementor-3\" data-elementor-post-type=\"page\">\n\t\t\t\t<div class=\"elementor-element elementor-element-464a07f e-flex e-con-boxed e-con e-parent\" data-id=\"464a07f\" data-element_type=\"container\" data-e-type=\"container\" data-settings=\"{&quot;jet_parallax_layout_list&quot;:[]}\">\n\t\t\t\t\t<div class=\"e-con-inner\">\n\t\t\t\t<div class=\"elementor-element elementor-element-8a91cf0 elementor-widget elementor-widget-text-editor\" data-id=\"8a91cf0\" data-element_type=\"widget\" data-e-type=\"widget\" data-widget_type=\"text-editor.default\">\n\t\t\t\t<div class=\"elementor-widget-container\">\n\t\t\t\t\t\t\t\t\t\n<h2 class=\"wp-block-heading\">Datenschutz und Cookie-Erkl\u00e4rung Websites<\/h2>\n<p>Bei Huisartsenpraktijk It Konvintsh\u00fbs legen wir gro\u00dfen Wert auf die Privatsph\u00e4re der Nutzer unserer Website. Um Ihre Privatsph\u00e4re so gut wie m\u00f6glich zu sch\u00fctzen, halten wir uns an eine Reihe von Grundwerten.<\/p>\n<ul>\n<li><strong>Informieren:\u00a0<\/strong>Wir m\u00f6chten Sie so gut wie m\u00f6glich dar\u00fcber informieren, wie und warum wir personenbezogene Daten verarbeiten. Dies tun wir mit dieser Datenschutzerkl\u00e4rung.<\/li>\n<li><strong>Begrenzte Sammlung:\u00a0<\/strong>Wir achten sehr darauf, dass wir nur so viele personenbezogene Daten erheben, wie f\u00fcr das ordnungsgem\u00e4\u00dfe Funktionieren der Website und der von Ihnen genutzten Dienste wirklich notwendig sind.<\/li>\n<li><strong>Keine Vermarktung auf der Grundlage personenbezogener Daten:\u00a0<\/strong>Wir geben keine pers\u00f6nlichen Daten zu Marketingzwecken weiter und versenden Werbebriefe nur mit Ihrer ausdr\u00fccklichen Zustimmung.<\/li>\n<li><strong>Ihre Daten bleiben bei uns:\u00a0<\/strong>Wir geben Ihre personenbezogenen Daten nicht an Dritte weiter, es sei denn, dies ist f\u00fcr die Erbringung der in Anspruch genommenen Dienstleistung erforderlich oder wir sind gesetzlich dazu verpflichtet.<\/li>\n<li><strong>Sicher:\u00a0<\/strong>Wir ergreifen angemessene Sicherheitsma\u00dfnahmen zum Schutz Ihrer personenbezogenen Daten und verlangen das Gleiche von den Parteien, die personenbezogene Daten in unserem Auftrag verarbeiten.<\/li>\n<li><strong>Wir respektieren Ihre gesetzlichen Rechte:\u00a0<\/strong>Nach dem Gesetz haben Sie mehrere Rechte. In dieser Datenschutzerkl\u00e4rung informieren wir Sie \u00fcber diese Rechte.<\/li>\n<\/ul>\n<p>In dieser Datenschutzerkl\u00e4rung k\u00f6nnen Sie nachlesen, wie wir diese Grundwerte in die Praxis umsetzen und Ihr Recht auf Privatsph\u00e4re respektieren und sch\u00fctzen.<\/p>\n<h2>Wozu verwenden wir Ihre personenbezogenen Daten?<\/h2>\n<p>Je nach den von uns \u00fcber die Website angebotenen Dienstleistungen k\u00f6nnen die personenbezogenen Daten, die Sie \u00fcber unsere Website hinterlassen, f\u00fcr die nachstehend genannten Zwecke verwendet werden.<\/p>\n<ul>\n<li><strong>Verwalten Sie Ihr Konto und Profil:\u00a0<\/strong>Wenn Sie sich daf\u00fcr entscheiden, ein Konto anzulegen, ben\u00f6tigen wir einige Daten von Ihnen, um dies zu erm\u00f6glichen. Dazu geh\u00f6ren Ihre E-Mail-Adresse, Ihr selbstgew\u00e4hltes Passwort, Ihr Name und Ihre Adresse, Ihr Geschlecht und Ihr Geburtsdatum. Diese Daten erm\u00f6glichen es Ihnen, bestimmte Dienste auf unserer Website zu nutzen. Wenn Sie ein Konto anlegen, m\u00fcssen Sie die Daten nicht jedes Mal neu eingeben.<\/li>\n<li><strong>Anmelden und Termin vereinbaren:\u00a0<\/strong>Wenn Sie sich bei uns registrieren oder einen Termin \u00fcber unsere Website buchen, werden die Daten, die Sie in dem entsprechenden Formular oder Terminservice angeben, nur zur Verwaltung Ihrer Registrierung und Buchung eines Termins verwendet.<\/li>\n<li><strong>Anamnese- oder (Wiederholungs-)Verordnungsformular:\u00a0<\/strong>Wenn Sie \u00fcber unsere Website ein Anamneseformular ausf\u00fcllen oder \u00fcber ein Formular (Wiederholungs)-Medikamente anfordern, geben uns die von Ihnen gemachten Angaben einen allgemeinen Einblick in Ihren Gesundheitszustand, Ihre Medikamenteneinnahme, Erkrankungen und Allergien. Wir behandeln diese Informationen vertraulich und verwenden sie nur, um Ihnen eine angemessene Behandlung zukommen zu lassen.<\/li>\n<li><strong>Anforderung von Medikamenten oder Wiederholungsrezepten:\u00a0<\/strong>Wenn Sie \u00fcber unsere Website Medikamente anfordern, indem Sie sich in Ihre pers\u00f6nliche Umgebung einloggen, k\u00f6nnen Sie Ihr uns bekanntes Online-Medikationsprofil einsehen. Sie k\u00f6nnen dann Medikamente bestellen und Mahnungen einstellen.<\/li>\n<li><strong>eConsult:\u00a0<\/strong>Wenn Sie das eConsult f\u00fcr Ihre Fragen an uns nutzen, werden wir die von Ihnen angegebenen Daten vertraulich behandeln. Um diesen Service zu nutzen, m\u00fcssen Sie sich in Ihren pers\u00f6nlichen Bereich einloggen.<\/li>\n<li><strong>Ihre medizinischen Unterlagen:\u00a0<\/strong>Falls Sie uns medizinische Daten zur Verf\u00fcgung stellen, k\u00f6nnen diese in Ihre Krankenakte aufgenommen werden. Wir werden dies nur tun, wenn es gesetzlich erlaubt ist oder wir Ihre ausdr\u00fcckliche Zustimmung erhalten haben.<\/li>\n<li><strong>Kontakt-Formular:\u00a0<\/strong>Wenn Sie Fragen haben, k\u00f6nnen Sie sich jederzeit mit uns in Verbindung setzen, indem Sie das Kontaktformular ausf\u00fcllen. Sie werden gebeten, Ihren Namen und Ihre Kontaktdaten sowie eine Beschreibung Ihres Anliegens einzugeben. Diese Daten werden ausschlie\u00dflich zur Bearbeitung Ihrer Anfrage und zur Verbesserung unserer Dienstleistungen verwendet.<\/li>\n<li><strong>Bestellung \u00fcber die Website:\u00a0<\/strong>Die von Ihnen bei der Bestellung angegebenen Daten werden von uns zur Abwicklung der Bestellung verwendet. Soweit erforderlich, werden die Daten an andere an der Auftragsabwicklung beteiligte Stellen, wie z. B. den Lieferdienst, weitergegeben.<\/li>\n<li><strong>Newsletter:\u00a0<\/strong>Wenn Sie uns die Erlaubnis erteilen, Ihnen einen Newsletter zu senden, verwenden wir Ihre E-Mail-Adresse und Ihren Namen, um Ihnen den Newsletter zuzusenden. Sie k\u00f6nnen eine zuvor erteilte Einwilligung jederzeit widerrufen, indem Sie zum Beispiel auf den Link zum Abbestellen klicken, der sich am Ende jeder Werbesendung befindet.<\/li>\n<li><strong>Verbesserung unserer Dienstleistungen:\u00a0<\/strong>Wir k\u00f6nnen Ihre Daten verwenden, um unsere Dienstleistungen zu verbessern. Das tun wir jedoch nur, wenn Sie uns die Daten zu diesem Zweck zur Verf\u00fcgung gestellt haben oder uns die Erlaubnis dazu gegeben haben. Zum Beispiel Ihr Feedback, das Sie uns \u00fcber ein Beschwerdeformular zukommen lassen, oder die Zustimmung, die Sie f\u00fcr die Verwendung von Cookies gegeben haben.<\/li>\n<\/ul>\n<p>Wir werden Ihre personenbezogenen Daten nicht f\u00fcr andere als die oben genannten Zwecke verarbeiten, es sei denn, Sie haben vorher Ihre Zustimmung gegeben oder wir sind gesetzlich dazu berechtigt oder verpflichtet.<\/p>\n<h2>Auf welcher Grundlage verarbeiten wir Ihre personenbezogenen Daten?<\/h2>\n<p>Wir verarbeiten Ihre personenbezogenen Daten nur auf einer gesetzlichen Grundlage. F\u00fcr die oben genannten Zwecke verarbeiten wir Ihre personenbezogenen Daten auf der Grundlage der folgenden Grundlagen:<\/p>\n<ul>\n<li><strong>Ausf\u00fchrung des Abkommens:\u00a0<\/strong>f\u00fcr die Zwecke der Erbringung unserer Dienstleistungen, z. B. um Ihre Registrierung abzuschlie\u00dfen;<\/li>\n<li><strong>(Ausdr\u00fcckliche) Zustimmung:\u00a0<\/strong>f\u00fcr den Zugang zu und die Nutzung von Funktionen unserer Website, das Setzen von Cookies, den Versand unseres Newsletters oder die Verarbeitung Ihrer medizinischen Daten, nachdem wir Ihre (ausdr\u00fcckliche) Zustimmung dazu erhalten haben;<\/li>\n<li><strong>Berechtigtes Interesse:\u00a0<\/strong>in bestimmten F\u00e4llen haben wir ein berechtigtes Interesse an der Verarbeitung Ihrer personenbezogenen Daten. Dies ist zum Beispiel der Fall, wenn wir Cookies verwenden, um unsere Dienste zu verbessern, und die keine oder nur geringe Auswirkungen auf Ihre Privatsph\u00e4re haben;<\/li>\n<li><strong>Gesetzliche Verpflichtung:\u00a0<\/strong>F\u00fcr die Verarbeitung Ihrer medizinischen Daten und die Aufbewahrung Ihrer medizinischen Unterlagen haben wir m\u00f6glicherweise eine Rechtsgrundlage. Dar\u00fcber hinaus sind wir gesetzlich verpflichtet, bestimmte Daten aus Ihrer Bestellung in unserem Webshop aufzubewahren.<\/li>\n<\/ul>\n<h2>Welche pers\u00f6nlichen Daten ben\u00f6tigen wir?<\/h2>\n<p>Durch die Nutzung der Website und der darauf verf\u00fcgbaren Dienste \u00fcberlassen Sie uns bestimmte Daten. Wir speichern und verwenden nur die personenbezogenen Daten, die Sie uns direkt zur Verf\u00fcgung stellen oder von denen bei ihrer \u00dcbermittlung klar ist, dass sie uns zur Verarbeitung zur Verf\u00fcgung gestellt werden. Je nach dem von Ihnen genutzten Dienst k\u00f6nnen wir die folgenden Daten \u00fcber die Website erfassen:<\/p>\n<ul>\n<li>Ihre Kontaktangaben (E-Mail-Adresse, Telefonnummer);<\/li>\n<li>Ihren Namen, Ihre Anschrift und Ihren Wohnort;<\/li>\n<li>Angaben zum Konto;<\/li>\n<li>Angaben zur Versicherung (Name des Versicherers, Versicherungsnummer, Datum des Versicherungsbeginns);<\/li>\n<li>Der Name Ihres medizinischen Dienstleisters oder Ihrer Apotheke;<\/li>\n<li>Uhrzeit Ihres Termins;<\/li>\n<li>Zahlungsangaben und Rechnungsadresse;<\/li>\n<li>Daten in Bezug auf Ihre Gesundheit;<\/li>\n<li>B\u00fcrgerservicenummer (BSN);<\/li>\n<li>Klicken Sie und besuchen Sie das Verhalten;<\/li>\n<li>Ger\u00e4tedaten \/ (pseudonymisierte) IP-Adresse.<\/li>\n<\/ul>\n<h2>Daten von Personen unter 16 Jahren<\/h2>\n<p>Es ist nicht die Absicht unserer Website und\/oder unseres Dienstes, Daten von Website-Besuchern zu sammeln, die unter 16 Jahre alt sind. Wir k\u00f6nnen jedoch nicht \u00fcberpr\u00fcfen, ob ein Besucher \u00e4lter als 16 Jahre ist. Wir raten daher den Eltern, sich mit den Online-Aktivit\u00e4ten ihrer Kinder zu befassen, um zu vermeiden, dass Daten \u00fcber Kinder ohne die Zustimmung der Eltern erfasst werden. Wenn Sie davon \u00fcberzeugt sind, dass wir personenbezogene Daten \u00fcber einen Minderj\u00e4hrigen ohne eine solche Zustimmung gesammelt haben, wenden Sie sich bitte an uns.<\/p>\n<h2>Offenlegung gegen\u00fcber Dritten<\/h2>\n<p>Ihre Daten werden ausdr\u00fccklich nicht an Dritte weitergegeben, au\u00dfer an diejenigen, die direkt an der Erf\u00fcllung des Vertrags zwischen Ihnen und uns beteiligt sind, oder sofern wir nicht durch eine gesetzliche Bestimmung dazu verpflichtet sind. Die Parteien, die wir f\u00fcr die Erbringung der von Ihnen angeforderten Dienstleistungen ben\u00f6tigen, sind:<\/p>\n<ul>\n<li>Hosting-Partys und unsere Software-Anbieter;<\/li>\n<li>Zahlungsdienstleister und Lieferdienste;<\/li>\n<li>Ihr Krankenversicherer.<\/li>\n<\/ul>\n<h2>Sicherheit<\/h2>\n<p>Wir nehmen den Schutz Ihrer Daten ernst und ergreifen geeignete Ma\u00dfnahmen, um Missbrauch, Verlust, unbefugtem Zugriff, unerw\u00fcnschter Offenlegung und unbefugter \u00c4nderung entgegenzuwirken. Wenn Sie den Eindruck haben, dass Ihre Daten nicht ordnungsgem\u00e4\u00df gesichert sind oder es Anzeichen f\u00fcr einen Missbrauch gibt, wenden Sie sich bitte an uns.<\/p>\n<h2>Aufbewahrungsfrist<\/h2>\n<p>Ihre personenbezogenen Daten werden nicht l\u00e4nger aufbewahrt, als es f\u00fcr die in dieser Datenschutzerkl\u00e4rung oder auf der Website beschriebenen Zwecke erforderlich ist, es sei denn, eine gesetzliche Verpflichtung steht der L\u00f6schung der personenbezogenen Daten entgegen.<\/p>\n<h2>Websites von Dritten<\/h2>\n<p>Diese Datenschutzerkl\u00e4rung gilt nicht f\u00fcr Websites Dritter, die \u00fcber Links mit dieser Website verbunden sind. Wir k\u00f6nnen nicht garantieren, dass diese Dritten Ihre personenbezogenen Daten auf zuverl\u00e4ssige oder sichere Weise behandeln. Wir empfehlen Ihnen daher, die Datenschutzerkl\u00e4rung dieser Websites zu lesen, bevor Sie sie nutzen.<\/p>\n<h2>Cookies<\/h2>\n<p>Wir verwenden Cookies auf dieser Website. Ein Cookie ist eine kleine Textdatei, die im Browser Ihres Computers, Tablets oder Smartphones gespeichert wird, wenn Sie diese Website zum ersten Mal besuchen. Sie sorgen daf\u00fcr, dass die Website ordnungsgem\u00e4\u00df funktioniert und zum Beispiel Ihre Pr\u00e4ferenzen gespeichert werden.<\/p>\n<p>Diese Cookies werden auch verwendet, um das Funktionieren der Website zu gew\u00e4hrleisten und sie zu optimieren. Bei Ihrem ersten Besuch auf unserer Website haben wir Sie bereits \u00fcber diese Cookies informiert und um Ihre Erlaubnis gebeten, sie zu setzen. Sie k\u00f6nnen die Verwendung von Cookies ablehnen, indem Sie Ihren Internetbrowser so einstellen, dass keine Cookies mehr gespeichert werden. Au\u00dferdem k\u00f6nnen Sie \u00fcber die Einstellungen Ihres Browsers alle zuvor gespeicherten Informationen l\u00f6schen.<\/p>\n<h3>Verwendung von permanenten Cookies<\/h3>\n<p>Permanente Cookies erm\u00f6glichen es uns, Sie bei einem erneuten Besuch unserer Website zu erkennen. Dadurch kann die Website speziell auf Ihre Pr\u00e4ferenzen eingestellt werden. Auch wenn Sie dem Setzen von Cookies zugestimmt haben, k\u00f6nnen wir uns dies mit Hilfe eines Cookies merken. So m\u00fcssen Sie Ihre Einstellungen nicht bei jedem Besuch neu vornehmen, was Ihnen Zeit spart und unsere Website benutzerfreundlicher macht. Sie k\u00f6nnen permanente Cookies \u00fcber Ihre Browsereinstellungen l\u00f6schen.<\/p>\n<h3>Verwendung von Sitzungscookies<\/h3>\n<p>Mit Hilfe von Session-Cookies k\u00f6nnen wir sehen, welche Teile der Website Sie bei diesem Besuch angesehen haben. Dies erm\u00f6glicht es uns, unser Angebot so weit wie m\u00f6glich an das Surfverhalten unserer Besucher anzupassen. Diese Cookies werden automatisch gel\u00f6scht, sobald Sie Ihren Webbrowser schlie\u00dfen.<\/p>\n<h3>Verwendung von analytischen Cookies<\/h3>\n<p>Wir f\u00fchren auf unserer Website Statistiken, die jedoch stets entweder vollst\u00e4ndig anonymisiert oder pseudonymisiert sind. Auf Teilen der Website, auf denen Ihre Gesundheitsdaten ausgetauscht werden, werden keine Statistiken gef\u00fchrt. Wir k\u00f6nnen die unten aufgef\u00fchrten Anwendungen verwenden, um Statistiken zu f\u00fchren.<\/p>\n<h4>Google Analytics<\/h4>\n<p>Wenn wir das Google Analytics-Tool aktiviert haben, werden \u00fcber unsere Website Cookies des US-Unternehmens Google als Teil des Analytics-Dienstes platziert. Wir nutzen diesen Dienst, um zu verfolgen und Berichte dar\u00fcber zu erhalten, wie Besucher die Website nutzen. Dieses Tool ist so eingestellt, dass der Datenschutz gewahrt bleibt. So haben wir z.B. Google nicht gestattet, die gewonnenen Analytics-Informationen f\u00fcr andere Google-Dienste zu nutzen, wir haben die IP-Adressen pseudonymisiert und mit Google eine Verarbeitungsvereinbarung geschlossen.<\/p>\n<p>Die von Google erfassten Daten werden an Server in den Vereinigten Staaten \u00fcbertragen und dort gespeichert. Google erkl\u00e4rt, dass es sich an die Grunds\u00e4tze des Privacy Shield h\u00e4lt und Mitglied des Privacy-Shield-Programms des US-Handelsministeriums ist. Dies impliziert ein angemessenes Schutzniveau f\u00fcr die Verarbeitung personenbezogener Daten.<\/p>\n<h4>Matomo Analytics (Piwik)<\/h4>\n<p>Wenn wir das Matomo-Analytics-Tool aktiviert haben, werden (Erstanbieter-)Cookies gesetzt, um Besucherstatistiken zu verfolgen. Damit k\u00f6nnen wir abbilden, wie Besucher unsere Website nutzen (wie lange sie auf einer Seite bleiben, von welcher Seite sie hierher gekommen sind und die Anzahl der einzelnen Besucher z\u00e4hlen). Alle Daten verbleiben auf unserem Server und werden niemals an andere Parteien weitergegeben.<\/p>\n<h2>\u00c4nderungen an dieser Erkl\u00e4rung zum Datenschutz und zu Cookies<\/h2>\n<p>Wir behalten uns das Recht vor, \u00c4nderungen an dieser Erkl\u00e4rung vorzunehmen. Wir empfehlen Ihnen, diese Erkl\u00e4rung regelm\u00e4\u00dfig zu lesen, damit Sie \u00fcber diese \u00c4nderungen informiert sind.<\/p>\n<h2>Zugriff, \u00c4nderung und L\u00f6schung Ihrer Daten<\/h2>\n<p>Sie haben das Recht, Ihre personenbezogenen Daten einzusehen, zu korrigieren oder zu l\u00f6schen. Dar\u00fcber hinaus haben Sie das Recht, Ihre eventuelle Zustimmung zur Datenverarbeitung zu widerrufen oder der Verarbeitung Ihrer personenbezogenen Daten durch Huisartsenpraktijk It Konvintsh\u00fbs zu widersprechen, und Sie haben das Recht auf Daten\u00fcbertragbarkeit. Das bedeutet, dass Sie bei uns beantragen k\u00f6nnen, dass die personenbezogenen Daten, die wir \u00fcber Sie in einer Computerdatei gespeichert haben, an Sie oder eine andere von Ihnen benannte Organisation \u00fcbermittelt werden. Sie k\u00f6nnen einen Antrag auf Einsichtnahme, Berichtigung, L\u00f6schung, Daten\u00fcbertragbarkeit Ihrer personenbezogenen Daten oder einen Antrag auf Widerruf Ihrer Einwilligung oder Widerspruch gegen die Verarbeitung Ihrer personenbezogenen Daten an die unten stehenden Kontaktdaten senden. Wir werden Ihre Anfrage so schnell wie m\u00f6glich beantworten. Bitte geben Sie deutlich an, wer Sie sind, damit wir sicher sein k\u00f6nnen, dass wir keine Daten \u00e4ndern oder l\u00f6schen, die der falschen Person geh\u00f6ren.<\/p>\n<h2>Beh\u00f6rde f\u00fcr personenbezogene Daten<\/h2>\n<p> Huisartsenpraktijk It Konvintsh\u00fbs m\u00f6chte Sie auch dar\u00fcber informieren, dass Sie die M\u00f6glichkeit haben, eine Beschwerde bei der Aufsichtsbeh\u00f6rde des Landes, in dem Sie sich befinden, einzureichen. In den Niederlanden hei\u00dft die Aufsichtsbeh\u00f6rde die Beh\u00f6rde f\u00fcr personenbezogene Daten.<\/p>\n<h2>Fragen und Feedback<\/h2>\n<p>Wir \u00fcberpr\u00fcfen regelm\u00e4\u00dfig, ob wir diese Datenschutzrichtlinie einhalten. Wenn Sie Fragen zu dieser Datenschutzerkl\u00e4rung haben, kontaktieren Sie uns bitte \u00fcber die unten stehenden Kontaktdaten.<\/p>\n\t\t\t\t\t\t\t\t<\/div>\n\t\t\t\t<\/div>\n\t\t\t\t\t<\/div>\n\t\t\t\t<\/div>\n\t\t\t\t<\/div>","protected":false},"excerpt":{"rendered":"<p>Privacy- en cookieverklaring Websites Bij , hechten wij groot belang aan de privacy van de gebruikers van de website. Om uw privacy zo goed mogelijk te waarborgen, hanteren wij een aantal kernwaarden. Informeren:\u00a0Wij willen u zo goed mogelijk informeren hoe en waarom wij persoonsgegevens verwerken. Dat doen wij via deze privacyverklaring. Verzameling beperken:\u00a0Wij letten er [&hellip;]<\/p>\n","protected":false},"author":2,"featured_media":0,"parent":0,"menu_order":0,"comment_status":"closed","ping_status":"closed","template":"elementor_header_footer","meta":{"_jf_save_progress":"","footnotes":""},"class_list":["post-3","page","type-page","status-publish","hentry"],"_links":{"self":[{"href":"https:\/\/itkonvintshus.nl\/de\/wp-json\/wp\/v2\/pages\/3","targetHints":{"allow":["GET"]}}],"collection":[{"href":"https:\/\/itkonvintshus.nl\/de\/wp-json\/wp\/v2\/pages"}],"about":[{"href":"https:\/\/itkonvintshus.nl\/de\/wp-json\/wp\/v2\/types\/page"}],"author":[{"embeddable":true,"href":"https:\/\/itkonvintshus.nl\/de\/wp-json\/wp\/v2\/users\/2"}],"replies":[{"embeddable":true,"href":"https:\/\/itkonvintshus.nl\/de\/wp-json\/wp\/v2\/comments?post=3"}],"version-history":[{"count":5,"href":"https:\/\/itkonvintshus.nl\/de\/wp-json\/wp\/v2\/pages\/3\/revisions"}],"predecessor-version":[{"id":1611,"href":"https:\/\/itkonvintshus.nl\/de\/wp-json\/wp\/v2\/pages\/3\/revisions\/1611"}],"wp:attachment":[{"href":"https:\/\/itkonvintshus.nl\/de\/wp-json\/wp\/v2\/media?parent=3"}],"curies":[{"name":"wp","href":"https:\/\/api.w.org\/{rel}","templated":true}]}}