{"id":3,"date":"2022-02-16T12:34:04","date_gmt":"2022-02-16T11:34:04","guid":{"rendered":"https:\/\/elementor.043basis.nl\/?page_id=3"},"modified":"2023-03-13T09:03:49","modified_gmt":"2023-03-13T08:03:49","slug":"declaration-de-confidentialite","status":"publish","type":"page","link":"https:\/\/itkonvintshus.nl\/fr\/privacy-verklaring\/","title":{"rendered":"Privacy Verklaring"},"content":{"rendered":"<div data-elementor-type=\"wp-page\" data-elementor-id=\"3\" class=\"elementor elementor-3\" data-elementor-post-type=\"page\">\n\t\t\t\t<div class=\"elementor-element elementor-element-464a07f e-flex e-con-boxed e-con e-parent\" data-id=\"464a07f\" data-element_type=\"container\" data-e-type=\"container\" data-settings=\"{&quot;jet_parallax_layout_list&quot;:[]}\">\n\t\t\t\t\t<div class=\"e-con-inner\">\n\t\t\t\t<div class=\"elementor-element elementor-element-8a91cf0 elementor-widget elementor-widget-text-editor\" data-id=\"8a91cf0\" data-element_type=\"widget\" data-e-type=\"widget\" data-widget_type=\"text-editor.default\">\n\t\t\t\t<div class=\"elementor-widget-container\">\n\t\t\t\t\t\t\t\t\t\n<h2 class=\"wp-block-heading\">D\u00e9claration relative \u00e0 la protection de la vie priv\u00e9e et aux cookies Sites web<\/h2>\n<p>Chez Huisartsenpraktijk It Konvintsh\u00fbs , nous attachons une grande importance \u00e0 la protection de la vie priv\u00e9e des utilisateurs du site web. Afin de garantir au mieux le respect de votre vie priv\u00e9e, nous adh\u00e9rons \u00e0 un certain nombre de valeurs fondamentales.<\/p>\n<ul>\n<li><strong>Informer :\u00a0<\/strong>Nous souhaitons vous informer le mieux possible sur la mani\u00e8re dont nous traitons les donn\u00e9es \u00e0 caract\u00e8re personnel et sur les raisons pour lesquelles nous le faisons. Nous le faisons par le biais de cette d\u00e9claration de confidentialit\u00e9.<\/li>\n<li><strong>Limiter la collecte :\u00a0<\/strong>Nous veillons \u00e0 limiter notre collecte de donn\u00e9es personnelles \u00e0 ce qui est r\u00e9ellement n\u00e9cessaire au bon fonctionnement du site web et des services que vous utilisez.<\/li>\n<li><strong>Pas de marketing bas\u00e9 sur des donn\u00e9es personnelles :\u00a0<\/strong>Nous ne transmettons pas de donn\u00e9es personnelles \u00e0 des fins de marketing et n'envoyons des courriers commerciaux qu'avec votre consentement explicite.<\/li>\n<li><strong>Vos donn\u00e9es restent chez nous :\u00a0<\/strong>Nous ne divulguons pas vos donn\u00e9es personnelles \u00e0 d'autres parties, sauf si cela est n\u00e9cessaire pour fournir le service utilis\u00e9 ou si nous sommes tenus de le faire par la loi.<\/li>\n<li><strong>S\u00e9curis\u00e9 :\u00a0<\/strong>Nous prenons des mesures de s\u00e9curit\u00e9 appropri\u00e9es pour prot\u00e9ger vos donn\u00e9es \u00e0 caract\u00e8re personnel et exigeons la m\u00eame chose des parties qui traitent des donn\u00e9es \u00e0 caract\u00e8re personnel en notre nom.<\/li>\n<li><strong>Nous respectons vos droits l\u00e9gaux :\u00a0<\/strong>La loi vous conf\u00e8re plusieurs droits. Dans cette d\u00e9claration de confidentialit\u00e9, nous vous informons de ces droits.<\/li>\n<\/ul>\n<p>Dans cette d\u00e9claration de confidentialit\u00e9, vous pouvez lire comment nous mettons en pratique ces valeurs fondamentales et comment nous respectons et prot\u00e9geons votre droit \u00e0 la vie priv\u00e9e.<\/p>\n<h2>\u00c0 quelles fins utilisons-nous vos donn\u00e9es personnelles ?<\/h2>\n<p>En fonction des services que nous offrons par l'interm\u00e9diaire du site web, les donn\u00e9es personnelles que vous pouvez laisser sur notre site web peuvent \u00eatre utilis\u00e9es aux fins \u00e9num\u00e9r\u00e9es ci-dessous.<\/p>\n<ul>\n<li><strong>G\u00e9rer votre compte et votre profil :\u00a0<\/strong>Si vous choisissez de cr\u00e9er un compte, nous avons besoin de certaines donn\u00e9es pour y parvenir. Il s'agit notamment de votre adresse \u00e9lectronique, du mot de passe que vous avez choisi, de votre nom et de votre adresse, de votre sexe et de votre date de naissance. Ces donn\u00e9es vous permettent d'utiliser certains services sur notre site web. En cr\u00e9ant un compte, vous ne devez pas remplir ces donn\u00e9es \u00e0 chaque fois.<\/li>\n<li><strong>S'inscrire et prendre rendez-vous :\u00a0<\/strong>Si vous vous inscrivez aupr\u00e8s de nous ou si vous prenez rendez-vous via notre site web, les donn\u00e9es que vous fournissez dans le formulaire ou le service de rendez-vous concern\u00e9 ne seront utilis\u00e9es que pour g\u00e9rer votre inscription et prendre rendez-vous.<\/li>\n<li><strong>Anamn\u00e8se ou formulaire de prescription (r\u00e9p\u00e9t\u00e9e) :\u00a0<\/strong>Si vous remplissez un formulaire d'anamn\u00e8se sur notre site web ou si vous demandez des m\u00e9dicaments (\u00e0 renouveler) par le biais d'un formulaire, les informations que vous nous fournissez nous donnent un aper\u00e7u g\u00e9n\u00e9ral de votre \u00e9tat de sant\u00e9, de votre consommation de m\u00e9dicaments, de vos affections et de vos allergies. Nous traitons ces informations de mani\u00e8re confidentielle et ne les utilisons que pour vous fournir des soins appropri\u00e9s.<\/li>\n<li><strong>Demande de m\u00e9dicaments ou de renouvellement d'ordonnance :\u00a0<\/strong>Si vous demandez des m\u00e9dicaments via notre site web en vous connectant \u00e0 votre environnement personnel, vous pourrez voir votre profil de m\u00e9dicaments en ligne tel que nous le connaissons. Vous pourrez alors commander des m\u00e9dicaments et programmer des rappels.<\/li>\n<li><strong>eConsult :\u00a0<\/strong>Si vous utilisez le service eConsult pour nous poser vos questions, nous traiterons les donn\u00e9es que vous nous fournissez de mani\u00e8re confidentielle. Pour utiliser ce service, vous devez vous connecter \u00e0 votre espace personnel.<\/li>\n<li><strong>Votre dossier m\u00e9dical :\u00a0<\/strong>Si vous nous fournissez des donn\u00e9es m\u00e9dicales, celles-ci peuvent \u00eatre incluses dans votre dossier m\u00e9dical. Nous ne le ferons que si la loi l'autorise ou si nous avons obtenu votre consentement explicite.<\/li>\n<li><strong>Formulaire de contact :\u00a0<\/strong>Si vous avez des questions, vous pouvez toujours nous contacter en remplissant le formulaire de contact. Il vous sera demand\u00e9 d'indiquer votre nom et vos coordonn\u00e9es ainsi qu'une description de votre demande. Ces donn\u00e9es sont utilis\u00e9es exclusivement pour traiter votre demande et am\u00e9liorer nos services.<\/li>\n<li><strong>Commande via le site web :\u00a0<\/strong>Les donn\u00e9es que vous fournissez lorsque vous passez une commande sont utilis\u00e9es par nous pour traiter la commande. Le cas \u00e9ch\u00e9ant, les donn\u00e9es seront fournies \u00e0 d'autres parties impliqu\u00e9es dans le traitement de la commande, comme le service de livraison.<\/li>\n<li><strong>Bulletin d'information :\u00a0<\/strong>Si vous nous autorisez \u00e0 vous envoyer une lettre d'information, nous utiliserons votre adresse \u00e9lectronique et votre nom pour vous envoyer la lettre d'information. Vous pouvez \u00e0 tout moment retirer un consentement donn\u00e9 ant\u00e9rieurement, par exemple en cliquant sur le lien de d\u00e9sinscription figurant au bas de chaque envoi commercial.<\/li>\n<li><strong>Am\u00e9liorer nos services :\u00a0<\/strong>Nous pouvons utiliser vos donn\u00e9es pour am\u00e9liorer nos services. Toutefois, nous ne le faisons que si vous avez fourni les donn\u00e9es \u00e0 cette fin ou si vous nous avez donn\u00e9 l'autorisation de le faire. Par exemple, les commentaires que vous nous avez envoy\u00e9s par le biais d'un formulaire de r\u00e9clamation ou le consentement que vous avez donn\u00e9 pour l'utilisation de cookies.<\/li>\n<\/ul>\n<p>Nous ne traiterons pas vos donn\u00e9es \u00e0 caract\u00e8re personnel \u00e0 des fins autres que celles mentionn\u00e9es ci-dessus, sauf si vous avez donn\u00e9 votre consentement pr\u00e9alable ou si la loi nous y autorise ou nous y oblige.<\/p>\n<h2>Sur quelles bases traitons-nous vos donn\u00e9es personnelles ?<\/h2>\n<p>Nous traitons vos donn\u00e9es personnelles uniquement sur une base l\u00e9gale. Aux fins mentionn\u00e9es ci-dessus, nous traitons vos donn\u00e9es \u00e0 caract\u00e8re personnel sur la base des fondements suivants :<\/p>\n<ul>\n<li><strong>Ex\u00e9cution de l'accord :\u00a0<\/strong>aux fins de la fourniture de nos services, par exemple pour compl\u00e9ter votre inscription ;<\/li>\n<li><strong>Consentement (expr\u00e8s) :\u00a0<\/strong>pour permettre l'acc\u00e8s et l'utilisation des fonctionnalit\u00e9s de notre site web, le placement de cookies, l'envoi de notre lettre d'information ou le traitement de vos donn\u00e9es m\u00e9dicales apr\u00e8s avoir obtenu votre consentement (explicite) \u00e0 cet effet ;<\/li>\n<li><strong>Int\u00e9r\u00eat l\u00e9gitime :\u00a0<\/strong>dans certains cas, nous avons un int\u00e9r\u00eat l\u00e9gitime \u00e0 traiter vos donn\u00e9es \u00e0 caract\u00e8re personnel. C'est le cas, par exemple, lorsque nous utilisons des cookies pour am\u00e9liorer nos services et qui n'ont pas ou peu d'impact sur votre vie priv\u00e9e ;<\/li>\n<li><strong>Obligation l\u00e9gale :\u00a0<\/strong>Pour les finalit\u00e9s visant \u00e0 traiter vos donn\u00e9es m\u00e9dicales et \u00e0 conserver vos dossiers m\u00e9dicaux, nous pouvons disposer d'une base juridique. En outre, nous sommes tenus par la loi de conserver certaines donn\u00e9es relatives \u00e0 la commande que vous avez pass\u00e9e dans notre boutique en ligne.<\/li>\n<\/ul>\n<h2>Quelles sont les donn\u00e9es personnelles dont nous avons besoin ?<\/h2>\n<p>En utilisant le site web et les services qui y sont disponibles, vous nous confiez certaines donn\u00e9es. Nous ne conservons et n'utilisons que les donn\u00e9es personnelles que vous nous fournissez directement ou dont il est clair qu'elles nous sont fournies pour traitement. En fonction du service que vous utilisez, nous pouvons collecter les donn\u00e9es suivantes par l'interm\u00e9diaire du site web :<\/p>\n<ul>\n<li>Vos coordonn\u00e9es (adresse \u00e9lectronique, num\u00e9ro de t\u00e9l\u00e9phone) ;<\/li>\n<li>Votre nom, votre adresse et votre lieu de r\u00e9sidence ;<\/li>\n<li>D\u00e9tails du compte ;<\/li>\n<li>Donn\u00e9es relatives \u00e0 l'assurance (nom de l'assureur, num\u00e9ro de police, date de d\u00e9but de l'assurance) ;<\/li>\n<li>Le nom de vos fournisseurs de soins de sant\u00e9 ou de votre pharmacie ;<\/li>\n<li>Heure du rendez-vous ;<\/li>\n<li>Coordonn\u00e9es de paiement et adresse de facturation ;<\/li>\n<li>Donn\u00e9es relatives \u00e0 votre sant\u00e9 ;<\/li>\n<li>Num\u00e9ro de service du citoyen (BSN) ;<\/li>\n<li>Cliquez et visitez le comportement ;<\/li>\n<li>Donn\u00e9es relatives \u00e0 l'appareil \/ adresse IP (pseudonymis\u00e9e).<\/li>\n<\/ul>\n<h2>Donn\u00e9es des personnes \u00e2g\u00e9es de moins de 16 ans<\/h2>\n<p>Notre site web et\/ou service n'a pas l'intention de collecter des donn\u00e9es sur les visiteurs du site web \u00e2g\u00e9s de moins de 16 ans. Toutefois, nous ne pouvons pas v\u00e9rifier si un visiteur a plus de 16 ans. Nous conseillons donc aux parents de s'impliquer dans les activit\u00e9s en ligne de leurs enfants afin d'\u00e9viter de collecter des donn\u00e9es sur les enfants sans le consentement des parents. Si vous \u00eates convaincu que nous avons collect\u00e9 des donn\u00e9es personnelles sur un mineur sans ce consentement, veuillez nous contacter.<\/p>\n<h2>Divulgation \u00e0 des tiers<\/h2>\n<p>Vos donn\u00e9es ne sont express\u00e9ment pas divulgu\u00e9es \u00e0 des tiers autres que ceux qui sont directement impliqu\u00e9s dans l'ex\u00e9cution de l'accord entre vous et nous, ou \u00e0 moins qu'une disposition l\u00e9gale ne nous oblige \u00e0 le faire. Les parties dont nous pouvons avoir besoin pour l'ex\u00e9cution des services que vous avez demand\u00e9s sont les suivantes :<\/p>\n<ul>\n<li>Les f\u00eates d'accueil et nos fournisseurs de logiciels ;<\/li>\n<li>Prestataires de services de paiement et services de livraison ;<\/li>\n<li>Votre assureur maladie.<\/li>\n<\/ul>\n<h2>S\u00e9curit\u00e9<\/h2>\n<p>Nous prenons au s\u00e9rieux la protection de vos donn\u00e9es et prenons des mesures appropri\u00e9es pour lutter contre les abus, les pertes, les acc\u00e8s non autoris\u00e9s, les divulgations non d\u00e9sir\u00e9es et les modifications non autoris\u00e9es. Si vous avez l'impression que vos donn\u00e9es ne sont pas correctement s\u00e9curis\u00e9es ou qu'il y a des indications d'abus, veuillez nous contacter.<\/p>\n<h2>P\u00e9riode de conservation<\/h2>\n<p>Vos donn\u00e9es personnelles ne seront jamais conserv\u00e9es plus longtemps que n\u00e9cessaire aux fins d\u00e9crites dans la pr\u00e9sente d\u00e9claration de confidentialit\u00e9 ou sur le site web, sauf dans les cas o\u00f9 une obligation l\u00e9gale emp\u00eache la suppression des donn\u00e9es personnelles.<\/p>\n<h2>Sites web de tiers<\/h2>\n<p>La pr\u00e9sente d\u00e9claration de confidentialit\u00e9 ne s'applique pas aux sites web de tiers reli\u00e9s \u00e0 ce site par des liens. Nous ne pouvons pas garantir que ces tiers traiteront vos donn\u00e9es personnelles de mani\u00e8re fiable ou s\u00e9curis\u00e9e. Nous vous recommandons donc de lire la d\u00e9claration de confidentialit\u00e9 de ces sites web avant de les utiliser.<\/p>\n<h2>Cookies<\/h2>\n<p>Nous utilisons des cookies sur ce site web. Un cookie est un petit fichier texte qui est stock\u00e9 dans le navigateur de votre ordinateur, tablette ou smartphone lors de votre premi\u00e8re visite sur ce site web. Ils garantissent que le site web fonctionne correctement et que, par exemple, vos pr\u00e9f\u00e9rences sont m\u00e9moris\u00e9es.<\/p>\n<p>Ces cookies sont \u00e9galement utilis\u00e9s pour assurer le bon fonctionnement et l'optimisation du site web. Lors de votre premi\u00e8re visite sur notre site web, nous vous avons d\u00e9j\u00e0 inform\u00e9 de l'existence de ces cookies et nous vous avons demand\u00e9 la permission de les placer. Vous pouvez refuser les cookies en param\u00e9trant votre navigateur Internet de mani\u00e8re \u00e0 ce qu'il ne stocke plus de cookies. En outre, vous pouvez \u00e9galement supprimer toutes les informations pr\u00e9c\u00e9demment stock\u00e9es via les param\u00e8tres de votre navigateur.<\/p>\n<h3>Utilisation de cookies permanents<\/h3>\n<p>Les cookies permanents nous permettent de vous reconna\u00eetre lorsque vous visitez \u00e0 nouveau notre site web. Cela permet de configurer le site web en fonction de vos pr\u00e9f\u00e9rences. M\u00eame si vous avez consenti \u00e0 l'installation de cookies, nous pouvons nous en souvenir au moyen d'un cookie. Cela vous \u00e9vite de devoir r\u00e9p\u00e9ter vos pr\u00e9f\u00e9rences \u00e0 chaque visite, ce qui vous fait gagner du temps et rend notre site web plus convivial. Vous pouvez supprimer les cookies permanents via les param\u00e8tres de votre navigateur.<\/p>\n<h3>Utilisation de cookies de session<\/h3>\n<p>Les cookies de session nous permettent de savoir quelles parties du site web vous avez consult\u00e9es au cours de votre visite. Cela nous permet d'adapter autant que possible notre service au comportement de navigation de nos visiteurs. Ces cookies sont automatiquement supprim\u00e9s d\u00e8s que vous fermez votre navigateur web.<\/p>\n<h3>Utilisation de cookies analytiques<\/h3>\n<p>Nous conservons des statistiques sur notre site web, mais celles-ci sont toujours totalement anonymes ou pseudonymis\u00e9es. Aucune statistique n'est conserv\u00e9e sur les parties du site web o\u00f9 vos donn\u00e9es de sant\u00e9 sont \u00e9chang\u00e9es. Nous pouvons utiliser les applications \u00e9num\u00e9r\u00e9es ci-dessous pour conserver des statistiques.<\/p>\n<h4>Google Analytics<\/h4>\n<p>Lorsque nous avons activ\u00e9 l'outil Google Analytics, des cookies de la soci\u00e9t\u00e9 am\u00e9ricaine Google sont plac\u00e9s sur notre site web dans le cadre du service Analytics. Nous utilisons ce service pour suivre et obtenir des rapports sur la mani\u00e8re dont les visiteurs utilisent le site web. Cet outil est con\u00e7u pour respecter la vie priv\u00e9e. Par exemple, nous n'avons pas autoris\u00e9 Google \u00e0 utiliser les informations d'Analytics obtenues pour d'autres services Google, nous avons pseudonymis\u00e9 les adresses IP et nous avons conclu un accord de traitement avec Google.<\/p>\n<p>Les informations collect\u00e9es par Google sont transf\u00e9r\u00e9es et stock\u00e9es sur des serveurs situ\u00e9s aux \u00c9tats-Unis. Google d\u00e9clare adh\u00e9rer aux principes du bouclier de protection de la vie priv\u00e9e et \u00eatre membre du programme Privacy Shield du minist\u00e8re am\u00e9ricain du commerce. Cela implique un niveau de protection ad\u00e9quat pour le traitement des donn\u00e9es personnelles.<\/p>\n<h4>Matomo Analytics (Piwik)<\/h4>\n<p>Si nous avons activ\u00e9 l'outil Matomo Analytics, des cookies (de premi\u00e8re partie) sont install\u00e9s pour suivre les statistiques des visiteurs. Cela nous permet de d\u00e9terminer comment les visiteurs utilisent notre site web (combien de temps vous restez sur une page, \u00e0 partir de quelle page vous \u00eates arriv\u00e9 ici et de compter le nombre de visiteurs uniques). Toutes les donn\u00e9es restent sur notre serveur et ne sont jamais partag\u00e9es avec d'autres parties.<\/p>\n<h2>Modifications de la pr\u00e9sente d\u00e9claration relative \u00e0 la protection de la vie priv\u00e9e et aux cookies<\/h2>\n<p>Nous nous r\u00e9servons le droit de modifier la pr\u00e9sente d\u00e9claration. Il est recommand\u00e9 de consulter r\u00e9guli\u00e8rement la pr\u00e9sente d\u00e9claration afin de prendre connaissance de ces modifications.<\/p>\n<h2>Acc\u00e9der, modifier et supprimer vos donn\u00e9es<\/h2>\n<p>Vous avez le droit de consulter, de corriger ou de supprimer vos donn\u00e9es personnelles. En outre, vous avez le droit de retirer votre \u00e9ventuel consentement au traitement des donn\u00e9es ou de vous opposer au traitement de vos donn\u00e9es personnelles par Huisartsenpraktijk It Konvintsh\u00fbs et vous avez le droit \u00e0 la portabilit\u00e9 des donn\u00e9es. Cela signifie que vous pouvez nous demander d'envoyer les donn\u00e9es personnelles que nous d\u00e9tenons sur vous dans un fichier informatique \u00e0 vous-m\u00eame ou \u00e0 une autre organisation que vous aurez d\u00e9sign\u00e9e. Vous pouvez envoyer une demande d'inspection, de correction, de suppression, de transfert de vos donn\u00e9es personnelles ou une demande de retrait de votre consentement ou d'objection au traitement de vos donn\u00e9es personnelles aux coordonn\u00e9es ci-dessous. Nous r\u00e9pondrons \u00e0 votre demande dans les meilleurs d\u00e9lais. Veillez \u00e0 indiquer clairement votre identit\u00e9 afin que nous puissions nous assurer que nous ne modifions pas ou ne supprimons pas des donn\u00e9es appartenant \u00e0 la mauvaise personne.<\/p>\n<h2>Autorit\u00e9 des donn\u00e9es personnelles<\/h2>\n<p> Huisartsenpraktijk It Konvintsh\u00fbs souhaite \u00e9galement vous informer que vous avez la possibilit\u00e9 de d\u00e9poser une plainte aupr\u00e8s du r\u00e9gulateur du pays o\u00f9 vous vous trouvez. Aux Pays-Bas, le r\u00e9gulateur s'appelle l'Autorit\u00e9 des donn\u00e9es personnelles.<\/p>\n<h2>Questions et commentaires<\/h2>\n<p>Nous v\u00e9rifions r\u00e9guli\u00e8rement notre conformit\u00e9 avec cette politique de confidentialit\u00e9. Si vous avez des questions concernant cette politique de confidentialit\u00e9, veuillez nous contacter en utilisant les coordonn\u00e9es ci-dessous.<\/p>\n\t\t\t\t\t\t\t\t<\/div>\n\t\t\t\t<\/div>\n\t\t\t\t\t<\/div>\n\t\t\t\t<\/div>\n\t\t\t\t<\/div>","protected":false},"excerpt":{"rendered":"<p>Privacy- en cookieverklaring Websites Bij , hechten wij groot belang aan de privacy van de gebruikers van de website. Om uw privacy zo goed mogelijk te waarborgen, hanteren wij een aantal kernwaarden. Informeren:\u00a0Wij willen u zo goed mogelijk informeren hoe en waarom wij persoonsgegevens verwerken. Dat doen wij via deze privacyverklaring. Verzameling beperken:\u00a0Wij letten er [&hellip;]<\/p>\n","protected":false},"author":2,"featured_media":0,"parent":0,"menu_order":0,"comment_status":"closed","ping_status":"closed","template":"elementor_header_footer","meta":{"_jf_save_progress":"","footnotes":""},"class_list":["post-3","page","type-page","status-publish","hentry"],"_links":{"self":[{"href":"https:\/\/itkonvintshus.nl\/fr\/wp-json\/wp\/v2\/pages\/3","targetHints":{"allow":["GET"]}}],"collection":[{"href":"https:\/\/itkonvintshus.nl\/fr\/wp-json\/wp\/v2\/pages"}],"about":[{"href":"https:\/\/itkonvintshus.nl\/fr\/wp-json\/wp\/v2\/types\/page"}],"author":[{"embeddable":true,"href":"https:\/\/itkonvintshus.nl\/fr\/wp-json\/wp\/v2\/users\/2"}],"replies":[{"embeddable":true,"href":"https:\/\/itkonvintshus.nl\/fr\/wp-json\/wp\/v2\/comments?post=3"}],"version-history":[{"count":5,"href":"https:\/\/itkonvintshus.nl\/fr\/wp-json\/wp\/v2\/pages\/3\/revisions"}],"predecessor-version":[{"id":1611,"href":"https:\/\/itkonvintshus.nl\/fr\/wp-json\/wp\/v2\/pages\/3\/revisions\/1611"}],"wp:attachment":[{"href":"https:\/\/itkonvintshus.nl\/fr\/wp-json\/wp\/v2\/media?parent=3"}],"curies":[{"name":"wp","href":"https:\/\/api.w.org\/{rel}","templated":true}]}}